{"id":169,"date":"2025-06-05T16:21:00","date_gmt":"2025-06-05T14:21:00","guid":{"rendered":"https:\/\/ecotranslc.com\/?page_id=169"},"modified":"2025-06-05T16:21:00","modified_gmt":"2025-06-05T14:21:00","slug":"traduction-generale","status":"publish","type":"page","link":"https:\/\/ecotranslc.com\/?page_id=169","title":{"rendered":"Traduction g\u00e9n\u00e9rale"},"content":{"rendered":"\n<p><strong>Traduction g\u00e9n\u00e9rale<\/strong>: (services express) correspondances professionnelles, communiqu\u00e9s de presse, notes de service, discours, publications, services, articles de blog, podcasts, courriels transactionnels, lettres d&#8217;information, t\u00e9moignages, etc.<\/p>\n","protected":false},"excerpt":{"rendered":"<p>Traduction g\u00e9n\u00e9rale: (services express) correspondances professionnelles, communiqu\u00e9s de presse, notes de service, discours, publications, services, articles de blog, podcasts, courriels transactionnels, lettres d&#8217;information, t\u00e9moignages, etc.<\/p>\n","protected":false},"author":1,"featured_media":0,"parent":0,"menu_order":0,"comment_status":"closed","ping_status":"closed","template":"","meta":{"footnotes":""},"class_list":["post-169","page","type-page","status-publish","hentry"],"_links":{"self":[{"href":"https:\/\/ecotranslc.com\/index.php?rest_route=\/wp\/v2\/pages\/169","targetHints":{"allow":["GET"]}}],"collection":[{"href":"https:\/\/ecotranslc.com\/index.php?rest_route=\/wp\/v2\/pages"}],"about":[{"href":"https:\/\/ecotranslc.com\/index.php?rest_route=\/wp\/v2\/types\/page"}],"author":[{"embeddable":true,"href":"https:\/\/ecotranslc.com\/index.php?rest_route=\/wp\/v2\/users\/1"}],"replies":[{"embeddable":true,"href":"https:\/\/ecotranslc.com\/index.php?rest_route=%2Fwp%2Fv2%2Fcomments&post=169"}],"version-history":[{"count":1,"href":"https:\/\/ecotranslc.com\/index.php?rest_route=\/wp\/v2\/pages\/169\/revisions"}],"predecessor-version":[{"id":170,"href":"https:\/\/ecotranslc.com\/index.php?rest_route=\/wp\/v2\/pages\/169\/revisions\/170"}],"wp:attachment":[{"href":"https:\/\/ecotranslc.com\/index.php?rest_route=%2Fwp%2Fv2%2Fmedia&parent=169"}],"curies":[{"name":"wp","href":"https:\/\/api.w.org\/{rel}","templated":true}]}}