{"id":173,"date":"2025-06-05T16:23:55","date_gmt":"2025-06-05T14:23:55","guid":{"rendered":"https:\/\/ecotranslc.com\/?page_id=173"},"modified":"2025-06-05T16:23:55","modified_gmt":"2025-06-05T14:23:55","slug":"traduction-certifiee","status":"publish","type":"page","link":"https:\/\/ecotranslc.com\/?page_id=173","title":{"rendered":"Traduction certifi\u00e9e"},"content":{"rendered":"\n<p><strong>Traduction certifi\u00e9e<\/strong> : Actes de naissance, actes de mariage, certificats et dipl\u00f4mes, dossiers m\u00e9dicaux, attestations, passeports et documents d&#8217;\u00e9migration, extraits de casier judiciaire et bulletins de police, d\u00e9cisions de justice, registres commerciaux et documents d&#8217;exon\u00e9ration fiscale, titres de propri\u00e9t\u00e9, etc.<\/p>\n","protected":false},"excerpt":{"rendered":"<p>Traduction certifi\u00e9e : Actes de naissance, actes de mariage, certificats et dipl\u00f4mes, dossiers m\u00e9dicaux, attestations, passeports et documents d&#8217;\u00e9migration, extraits de casier judiciaire et bulletins de police, d\u00e9cisions de justice, registres commerciaux et documents d&#8217;exon\u00e9ration fiscale, titres de propri\u00e9t\u00e9, etc.<\/p>\n","protected":false},"author":1,"featured_media":0,"parent":0,"menu_order":0,"comment_status":"closed","ping_status":"closed","template":"","meta":{"footnotes":""},"class_list":["post-173","page","type-page","status-publish","hentry"],"_links":{"self":[{"href":"https:\/\/ecotranslc.com\/index.php?rest_route=\/wp\/v2\/pages\/173","targetHints":{"allow":["GET"]}}],"collection":[{"href":"https:\/\/ecotranslc.com\/index.php?rest_route=\/wp\/v2\/pages"}],"about":[{"href":"https:\/\/ecotranslc.com\/index.php?rest_route=\/wp\/v2\/types\/page"}],"author":[{"embeddable":true,"href":"https:\/\/ecotranslc.com\/index.php?rest_route=\/wp\/v2\/users\/1"}],"replies":[{"embeddable":true,"href":"https:\/\/ecotranslc.com\/index.php?rest_route=%2Fwp%2Fv2%2Fcomments&post=173"}],"version-history":[{"count":1,"href":"https:\/\/ecotranslc.com\/index.php?rest_route=\/wp\/v2\/pages\/173\/revisions"}],"predecessor-version":[{"id":174,"href":"https:\/\/ecotranslc.com\/index.php?rest_route=\/wp\/v2\/pages\/173\/revisions\/174"}],"wp:attachment":[{"href":"https:\/\/ecotranslc.com\/index.php?rest_route=%2Fwp%2Fv2%2Fmedia&parent=173"}],"curies":[{"name":"wp","href":"https:\/\/api.w.org\/{rel}","templated":true}]}}