{"id":184,"date":"2025-06-05T17:07:58","date_gmt":"2025-06-05T15:07:58","guid":{"rendered":"https:\/\/ecotranslc.com\/?page_id=184"},"modified":"2025-06-05T19:47:01","modified_gmt":"2025-06-05T17:47:01","slug":"formation-linguistique","status":"publish","type":"page","link":"https:\/\/ecotranslc.com\/?page_id=184","title":{"rendered":"Formation linguistique"},"content":{"rendered":"\n<p>Anglais acad\u00e9mique et pr\u00e9paration aux tests IELTS et TOEFL<\/p>\n\n\n\n<p>Anglais \u00e0 des fins sp\u00e9cifiques (ESP) : D\u00e9veloppement des comp\u00e9tences de communication en anglais dans des disciplines sp\u00e9cifiques telles que la finance, le marketing, la gestion, l&#8217;ing\u00e9nierie, les ressources humaines, le droit, etc. en fonction des besoins des professionnels.Anglais pour le travail et la vie professionnelle (E4WP) : Ce programme vise \u00e0 d\u00e9velopper les comp\u00e9tences linguistiques en anglais n\u00e9cessaires pour vous aider \u00e0 trouver un emploi et \u00e0 bien exercer vos fonctions sur le lieu de travail.Nous vous accompagnons pour : :la ma\u00eetrise du vocabulaire propre \u00e0 votre entreprise\/organisation. la ma\u00eetrise d&#8217;un style et d&#8217;un registre propres \u00e0 votre domaine d&#8217;activit\u00e9 professionnelle Am\u00e9liorer votre productivit\u00e9, vos performances professionnelles et votre confiance en vous.<\/p>\n\n\n\n<p>Le fran\u00e7ais <\/p>\n\n\n\n<p>L&#8217;espagnol <\/p>\n\n\n\n<p>L&#8217;allemand <\/p>\n","protected":false},"excerpt":{"rendered":"<p>Anglais acad\u00e9mique et pr\u00e9paration aux tests IELTS et TOEFL Anglais \u00e0 des fins sp\u00e9cifiques (ESP) : D\u00e9veloppement des comp\u00e9tences de communication en anglais dans des disciplines sp\u00e9cifiques telles que la finance, le marketing, la gestion, l&#8217;ing\u00e9nierie, les ressources humaines, le droit, etc. en fonction des besoins des professionnels.Anglais pour le travail et la vie professionnelle [&hellip;]<\/p>\n","protected":false},"author":1,"featured_media":0,"parent":0,"menu_order":0,"comment_status":"closed","ping_status":"closed","template":"","meta":{"footnotes":""},"class_list":["post-184","page","type-page","status-publish","hentry"],"_links":{"self":[{"href":"https:\/\/ecotranslc.com\/index.php?rest_route=\/wp\/v2\/pages\/184","targetHints":{"allow":["GET"]}}],"collection":[{"href":"https:\/\/ecotranslc.com\/index.php?rest_route=\/wp\/v2\/pages"}],"about":[{"href":"https:\/\/ecotranslc.com\/index.php?rest_route=\/wp\/v2\/types\/page"}],"author":[{"embeddable":true,"href":"https:\/\/ecotranslc.com\/index.php?rest_route=\/wp\/v2\/users\/1"}],"replies":[{"embeddable":true,"href":"https:\/\/ecotranslc.com\/index.php?rest_route=%2Fwp%2Fv2%2Fcomments&post=184"}],"version-history":[{"count":3,"href":"https:\/\/ecotranslc.com\/index.php?rest_route=\/wp\/v2\/pages\/184\/revisions"}],"predecessor-version":[{"id":191,"href":"https:\/\/ecotranslc.com\/index.php?rest_route=\/wp\/v2\/pages\/184\/revisions\/191"}],"wp:attachment":[{"href":"https:\/\/ecotranslc.com\/index.php?rest_route=%2Fwp%2Fv2%2Fmedia&parent=184"}],"curies":[{"name":"wp","href":"https:\/\/api.w.org\/{rel}","templated":true}]}}