{"id":52,"date":"2025-06-05T13:02:14","date_gmt":"2025-06-05T11:02:14","guid":{"rendered":"https:\/\/ecotranslc.com\/?page_id=52"},"modified":"2025-06-05T16:45:27","modified_gmt":"2025-06-05T14:45:27","slug":"traduction","status":"publish","type":"page","link":"https:\/\/ecotranslc.com\/?page_id=52","title":{"rendered":"Traduction"},"content":{"rendered":"\n<p><strong>Services de traduction professionnelle et certifi\u00e9e : <\/strong>L&#8217;\u00e9quipe d&#8217;Ecotrans Language Services propose des services de traduction professionnelle pour les contenus verbaux, \u00e9crits, audio et vid\u00e9o dans toute la r\u00e9gion CEMAC et au-del\u00e0. Notre \u00e9quipe d&#8217;experts en langues offre des solutions de traduction pr\u00e9cises et confidentielles, personnalis\u00e9es pour r\u00e9pondre \u00e0 vos besoins professionnels ou personnels.<\/p>\n","protected":false},"excerpt":{"rendered":"<p>Services de traduction professionnelle et certifi\u00e9e : L&#8217;\u00e9quipe d&#8217;Ecotrans Language Services propose des services de traduction professionnelle pour les contenus verbaux, \u00e9crits, audio et vid\u00e9o dans toute la r\u00e9gion CEMAC et au-del\u00e0. Notre \u00e9quipe d&#8217;experts en langues offre des solutions de traduction pr\u00e9cises et confidentielles, personnalis\u00e9es pour r\u00e9pondre \u00e0 vos besoins professionnels ou personnels.<\/p>\n","protected":false},"author":1,"featured_media":0,"parent":0,"menu_order":0,"comment_status":"closed","ping_status":"closed","template":"","meta":{"footnotes":""},"class_list":["post-52","page","type-page","status-publish","hentry"],"_links":{"self":[{"href":"https:\/\/ecotranslc.com\/index.php?rest_route=\/wp\/v2\/pages\/52","targetHints":{"allow":["GET"]}}],"collection":[{"href":"https:\/\/ecotranslc.com\/index.php?rest_route=\/wp\/v2\/pages"}],"about":[{"href":"https:\/\/ecotranslc.com\/index.php?rest_route=\/wp\/v2\/types\/page"}],"author":[{"embeddable":true,"href":"https:\/\/ecotranslc.com\/index.php?rest_route=\/wp\/v2\/users\/1"}],"replies":[{"embeddable":true,"href":"https:\/\/ecotranslc.com\/index.php?rest_route=%2Fwp%2Fv2%2Fcomments&post=52"}],"version-history":[{"count":2,"href":"https:\/\/ecotranslc.com\/index.php?rest_route=\/wp\/v2\/pages\/52\/revisions"}],"predecessor-version":[{"id":182,"href":"https:\/\/ecotranslc.com\/index.php?rest_route=\/wp\/v2\/pages\/52\/revisions\/182"}],"wp:attachment":[{"href":"https:\/\/ecotranslc.com\/index.php?rest_route=%2Fwp%2Fv2%2Fmedia&parent=52"}],"curies":[{"name":"wp","href":"https:\/\/api.w.org\/{rel}","templated":true}]}}