{"id":54,"date":"2025-06-05T13:02:30","date_gmt":"2025-06-05T11:02:30","guid":{"rendered":"https:\/\/ecotranslc.com\/?page_id=54"},"modified":"2025-06-05T16:49:35","modified_gmt":"2025-06-05T14:49:35","slug":"interpretation","status":"publish","type":"page","link":"https:\/\/ecotranslc.com\/?page_id=54","title":{"rendered":"Interpr\u00e9tation"},"content":{"rendered":"\n<p>Des services d&#8217;interpr\u00e9tation :<\/p>\n\n\n\n<p class=\"has-text-align-left\">Nos services d&#8217;interpr\u00e9tation sont assur\u00e9s par un r\u00e9seau fiable d&#8217;interpr\u00e8tes \u00e0 travers le Cameroun, l&#8217;Afrique centrale et l&#8217;Afrique de l&#8217;Ouest. Notre \u00e9quipe d&#8217;interpr\u00e8tes, de chefs de projet et de techniciens travaille en parfaite collaboration pour r\u00e9pondre \u00e0 de nombreux besoins en interpr\u00e9tation :<\/p>\n\n\n\n<p><\/p>\n","protected":false},"excerpt":{"rendered":"<p>Des services d&#8217;interpr\u00e9tation : Nos services d&#8217;interpr\u00e9tation sont assur\u00e9s par un r\u00e9seau fiable d&#8217;interpr\u00e8tes \u00e0 travers le Cameroun, l&#8217;Afrique centrale et l&#8217;Afrique de l&#8217;Ouest. Notre \u00e9quipe d&#8217;interpr\u00e8tes, de chefs de projet et de techniciens travaille en parfaite collaboration pour r\u00e9pondre \u00e0 de nombreux besoins en interpr\u00e9tation :<\/p>\n","protected":false},"author":1,"featured_media":0,"parent":0,"menu_order":0,"comment_status":"closed","ping_status":"closed","template":"","meta":{"footnotes":""},"class_list":["post-54","page","type-page","status-publish","hentry"],"_links":{"self":[{"href":"https:\/\/ecotranslc.com\/index.php?rest_route=\/wp\/v2\/pages\/54","targetHints":{"allow":["GET"]}}],"collection":[{"href":"https:\/\/ecotranslc.com\/index.php?rest_route=\/wp\/v2\/pages"}],"about":[{"href":"https:\/\/ecotranslc.com\/index.php?rest_route=\/wp\/v2\/types\/page"}],"author":[{"embeddable":true,"href":"https:\/\/ecotranslc.com\/index.php?rest_route=\/wp\/v2\/users\/1"}],"replies":[{"embeddable":true,"href":"https:\/\/ecotranslc.com\/index.php?rest_route=%2Fwp%2Fv2%2Fcomments&post=54"}],"version-history":[{"count":2,"href":"https:\/\/ecotranslc.com\/index.php?rest_route=\/wp\/v2\/pages\/54\/revisions"}],"predecessor-version":[{"id":183,"href":"https:\/\/ecotranslc.com\/index.php?rest_route=\/wp\/v2\/pages\/54\/revisions\/183"}],"wp:attachment":[{"href":"https:\/\/ecotranslc.com\/index.php?rest_route=%2Fwp%2Fv2%2Fmedia&parent=54"}],"curies":[{"name":"wp","href":"https:\/\/api.w.org\/{rel}","templated":true}]}}